{"id":7182,"date":"2024-11-19T16:15:44","date_gmt":"2024-11-19T16:15:44","guid":{"rendered":"https:\/\/groupetritan.com\/commercial\/"},"modified":"2025-02-06T15:13:52","modified_gmt":"2025-02-06T15:13:52","slug":"commercial","status":"publish","type":"page","link":"https:\/\/groupetritan.com\/en\/commercial\/","title":{"rendered":"Commercial"},"content":{"rendered":"\t\t<div data-elementor-type=\"wp-page\" data-elementor-id=\"7182\" class=\"elementor elementor-7182 elementor-6231\">\n\t\t\t\t<div class=\"elementor-element elementor-element-94dc1c1 e-flex e-con-boxed e-con e-parent\" data-id=\"94dc1c1\" data-element_type=\"container\">\n\t\t\t\t\t<div class=\"e-con-inner\">\n\t\t\t\t<div class=\"elementor-element elementor-element-a118ff0 elementor-project-style-5 overflow-to-none elementor-widget elementor-widget-rebuilto-projects\" data-id=\"a118ff0\" data-element_type=\"widget\" data-settings=\"{&quot;slides_to_show&quot;:3,&quot;spaceBetween&quot;:{&quot;unit&quot;:&quot;px&quot;,&quot;size&quot;:30,&quot;sizes&quot;:[]},&quot;spaceBetween_laptop&quot;:{&quot;unit&quot;:&quot;px&quot;,&quot;size&quot;:&quot;&quot;,&quot;sizes&quot;:[]},&quot;spaceBetween_tablet_extra&quot;:{&quot;unit&quot;:&quot;px&quot;,&quot;size&quot;:&quot;&quot;,&quot;sizes&quot;:[]},&quot;spaceBetween_tablet&quot;:{&quot;unit&quot;:&quot;px&quot;,&quot;size&quot;:&quot;&quot;,&quot;sizes&quot;:[]},&quot;spaceBetween_mobile_extra&quot;:{&quot;unit&quot;:&quot;px&quot;,&quot;size&quot;:&quot;&quot;,&quot;sizes&quot;:[]},&quot;spaceBetween_mobile&quot;:{&quot;unit&quot;:&quot;px&quot;,&quot;size&quot;:&quot;&quot;,&quot;sizes&quot;:[]},&quot;swiper_overflow&quot;:&quot;none&quot;,&quot;navigation&quot;:&quot;none&quot;,&quot;enable_scrollbar&quot;:&quot;no&quot;,&quot;autoplay&quot;:&quot;yes&quot;,&quot;pause_on_hover&quot;:&quot;yes&quot;,&quot;pause_on_interaction&quot;:&quot;yes&quot;,&quot;autoplay_speed&quot;:5000,&quot;infinite&quot;:&quot;yes&quot;,&quot;speed&quot;:500}\" data-widget_type=\"rebuilto-projects.default\">\n\t\t\t\t<div class=\"elementor-widget-container\">\n\t\t\t        <div class=\"elementor-project-wrapper\">\n            <div class=\"d-grid\">\n                                    <div class=\"grid-item\">\n                        \n<div class=\"project-item project-style-5\">\n    <div class=\"project-inner\">\n        <div class=\"project-post-thumbnail-wrap\">\n            <div class=\"project-post-thumbnail\">\n                                    <img fetchpriority=\"high\" decoding=\"async\" width=\"900\" height=\"636\" src=\"https:\/\/groupetritan.com\/wp-content\/uploads\/2024\/12\/pics3png-1024x724.webp\" class=\"attachment-large size-large wp-post-image\" alt=\"\" srcset=\"https:\/\/groupetritan.com\/wp-content\/uploads\/2024\/12\/pics3png-1024x724.webp 1024w, https:\/\/groupetritan.com\/wp-content\/uploads\/2024\/12\/pics3png-300x212.webp 300w, https:\/\/groupetritan.com\/wp-content\/uploads\/2024\/12\/pics3png-768x543.webp 768w, https:\/\/groupetritan.com\/wp-content\/uploads\/2024\/12\/pics3png.webp 1500w\" sizes=\"(max-width: 900px) 100vw, 900px\" \/>                            <\/div><!-- .post-thumbnail -->\n        <\/div>\n        <div class=\"project-content\">\n            <h4 class=\"project-title delta\"><a href=\"https:\/\/groupetritan.com\/en\/projects\/6545-henri-bourassa-saint-laurent\/\">6545 Henri Bourassa West <br>(Ville St-Laurent)<\/a><\/h4>\n            <div class=\"project-categories\"><a href=\"https:\/\/groupetritan.com\/category-project\/commercial\/\" rel=\"tag\">Commercial<\/a><\/div>            <div class=\"project-meta\">\n                            <\/div>\n            <div class=\"project-more-link-wrap\">\n                <a class=\"project-more-link\" href=\"https:\/\/groupetritan.com\/en\/projects\/6545-henri-bourassa-saint-laurent\/\">\n                    <i class=\"rebuilto-icon-arrow-up-right\"><\/i>\n                    <span>More Details<\/span>\n                <\/a>\n            <\/div>\n        <\/div>\n    <\/div>\n<\/div>\n                    <\/div>\n                                        <div class=\"grid-item\">\n                        \n<div class=\"project-item project-style-5\">\n    <div class=\"project-inner\">\n        <div class=\"project-post-thumbnail-wrap\">\n            <div class=\"project-post-thumbnail\">\n                                    <img decoding=\"async\" width=\"900\" height=\"636\" src=\"https:\/\/groupetritan.com\/wp-content\/uploads\/2024\/12\/pics1png-1024x724.webp\" class=\"attachment-large size-large wp-post-image\" alt=\"\" srcset=\"https:\/\/groupetritan.com\/wp-content\/uploads\/2024\/12\/pics1png-1024x724.webp 1024w, https:\/\/groupetritan.com\/wp-content\/uploads\/2024\/12\/pics1png-300x212.webp 300w, https:\/\/groupetritan.com\/wp-content\/uploads\/2024\/12\/pics1png-768x543.webp 768w, https:\/\/groupetritan.com\/wp-content\/uploads\/2024\/12\/pics1png.webp 1500w\" sizes=\"(max-width: 900px) 100vw, 900px\" \/>                            <\/div><!-- .post-thumbnail -->\n        <\/div>\n        <div class=\"project-content\">\n            <h4 class=\"project-title delta\"><a href=\"https:\/\/groupetritan.com\/en\/projects\/6535-henri-bourassa-saint-laurent\/\">6535 Henri Bourassa West <br>(Ville St-Laurent)<\/a><\/h4>\n            <div class=\"project-categories\"><a href=\"https:\/\/groupetritan.com\/category-project\/commercial\/\" rel=\"tag\">Commercial<\/a><\/div>            <div class=\"project-meta\">\n                            <\/div>\n            <div class=\"project-more-link-wrap\">\n                <a class=\"project-more-link\" href=\"https:\/\/groupetritan.com\/en\/projects\/6535-henri-bourassa-saint-laurent\/\">\n                    <i class=\"rebuilto-icon-arrow-up-right\"><\/i>\n                    <span>More Details<\/span>\n                <\/a>\n            <\/div>\n        <\/div>\n    <\/div>\n<\/div>\n                    <\/div>\n                                        <div class=\"grid-item\">\n                        \n<div class=\"project-item project-style-5\">\n    <div class=\"project-inner\">\n        <div class=\"project-post-thumbnail-wrap\">\n            <div class=\"project-post-thumbnail\">\n                                    <img decoding=\"async\" width=\"900\" height=\"636\" src=\"https:\/\/groupetritan.com\/wp-content\/uploads\/2024\/12\/pics2png-1024x724.webp\" class=\"attachment-large size-large wp-post-image\" alt=\"\" srcset=\"https:\/\/groupetritan.com\/wp-content\/uploads\/2024\/12\/pics2png-1024x724.webp 1024w, https:\/\/groupetritan.com\/wp-content\/uploads\/2024\/12\/pics2png-300x212.webp 300w, https:\/\/groupetritan.com\/wp-content\/uploads\/2024\/12\/pics2png-768x543.webp 768w, https:\/\/groupetritan.com\/wp-content\/uploads\/2024\/12\/pics2png.webp 1500w\" sizes=\"(max-width: 900px) 100vw, 900px\" \/>                            <\/div><!-- .post-thumbnail -->\n        <\/div>\n        <div class=\"project-content\">\n            <h4 class=\"project-title delta\"><a href=\"https:\/\/groupetritan.com\/en\/projects\/6525-henri-bourassa-saint-laurent\/\">6525 Henri Bourassa West <br>(Ville St-Laurent)<\/a><\/h4>\n            <div class=\"project-categories\"><a href=\"https:\/\/groupetritan.com\/category-project\/commercial\/\" rel=\"tag\">Commercial<\/a><\/div>            <div class=\"project-meta\">\n                            <\/div>\n            <div class=\"project-more-link-wrap\">\n                <a class=\"project-more-link\" href=\"https:\/\/groupetritan.com\/en\/projects\/6525-henri-bourassa-saint-laurent\/\">\n                    <i class=\"rebuilto-icon-arrow-up-right\"><\/i>\n                    <span>More Details<\/span>\n                <\/a>\n            <\/div>\n        <\/div>\n    <\/div>\n<\/div>\n                    <\/div>\n                                        <div class=\"grid-item\">\n                        \n<div class=\"project-item project-style-5\">\n    <div class=\"project-inner\">\n        <div class=\"project-post-thumbnail-wrap\">\n            <div class=\"project-post-thumbnail\">\n                                    <img decoding=\"async\" width=\"900\" height=\"636\" src=\"https:\/\/groupetritan.com\/wp-content\/uploads\/2024\/12\/pics2png-1024x724.webp\" class=\"attachment-large size-large wp-post-image\" alt=\"\" srcset=\"https:\/\/groupetritan.com\/wp-content\/uploads\/2024\/12\/pics2png-1024x724.webp 1024w, https:\/\/groupetritan.com\/wp-content\/uploads\/2024\/12\/pics2png-300x212.webp 300w, https:\/\/groupetritan.com\/wp-content\/uploads\/2024\/12\/pics2png-768x543.webp 768w, https:\/\/groupetritan.com\/wp-content\/uploads\/2024\/12\/pics2png.webp 1500w\" sizes=\"(max-width: 900px) 100vw, 900px\" \/>                            <\/div><!-- .post-thumbnail -->\n        <\/div>\n        <div class=\"project-content\">\n            <h4 class=\"project-title delta\"><a href=\"https:\/\/groupetritan.com\/en\/projects\/6515-henri-bourassa-saint-laurent\/\">6515 Henri Bourassa West <br>(Ville St-Laurent)<\/a><\/h4>\n            <div class=\"project-categories\"><a href=\"https:\/\/groupetritan.com\/category-project\/commercial\/\" rel=\"tag\">Commercial<\/a><\/div>            <div class=\"project-meta\">\n                            <\/div>\n            <div class=\"project-more-link-wrap\">\n                <a class=\"project-more-link\" href=\"https:\/\/groupetritan.com\/en\/projects\/6515-henri-bourassa-saint-laurent\/\">\n                    <i class=\"rebuilto-icon-arrow-up-right\"><\/i>\n                    <span>More Details<\/span>\n                <\/a>\n            <\/div>\n        <\/div>\n    <\/div>\n<\/div>\n                    <\/div>\n                                        <div class=\"grid-item\">\n                        \n<div class=\"project-item project-style-5\">\n    <div class=\"project-inner\">\n        <div class=\"project-post-thumbnail-wrap\">\n            <div class=\"project-post-thumbnail\">\n                                    <img loading=\"lazy\" decoding=\"async\" width=\"900\" height=\"597\" src=\"https:\/\/groupetritan.com\/wp-content\/uploads\/2024\/11\/sart1-1024x679.png\" class=\"attachment-large size-large wp-post-image\" alt=\"\" srcset=\"https:\/\/groupetritan.com\/wp-content\/uploads\/2024\/11\/sart1-1024x679.png 1024w, https:\/\/groupetritan.com\/wp-content\/uploads\/2024\/11\/sart1-300x199.png 300w, https:\/\/groupetritan.com\/wp-content\/uploads\/2024\/11\/sart1-768x509.png 768w, https:\/\/groupetritan.com\/wp-content\/uploads\/2024\/11\/sart1.png 1051w\" sizes=\"(max-width: 900px) 100vw, 900px\" \/>                            <\/div><!-- .post-thumbnail -->\n        <\/div>\n        <div class=\"project-content\">\n            <h4 class=\"project-title delta\"><a href=\"https:\/\/groupetritan.com\/en\/projects\/2925-rue-sartelon-montreal\/\">2925 Sartelon Street<br> (Ville St-Laurent)<\/a><\/h4>\n            <div class=\"project-categories\"><a href=\"https:\/\/groupetritan.com\/category-project\/commercial\/\" rel=\"tag\">Commercial<\/a><\/div>            <div class=\"project-meta\">\n                            <\/div>\n            <div class=\"project-more-link-wrap\">\n                <a class=\"project-more-link\" href=\"https:\/\/groupetritan.com\/en\/projects\/2925-rue-sartelon-montreal\/\">\n                    <i class=\"rebuilto-icon-arrow-up-right\"><\/i>\n                    <span>More Details<\/span>\n                <\/a>\n            <\/div>\n        <\/div>\n    <\/div>\n<\/div>\n                    <\/div>\n                                        <div class=\"grid-item\">\n                        \n<div class=\"project-item project-style-5\">\n    <div class=\"project-inner\">\n        <div class=\"project-post-thumbnail-wrap\">\n            <div class=\"project-post-thumbnail\">\n                                    <img loading=\"lazy\" decoding=\"async\" width=\"900\" height=\"601\" src=\"https:\/\/groupetritan.com\/wp-content\/uploads\/2024\/11\/henri1-1024x684.png\" class=\"attachment-large size-large wp-post-image\" alt=\"\" srcset=\"https:\/\/groupetritan.com\/wp-content\/uploads\/2024\/11\/henri1-1024x684.png 1024w, https:\/\/groupetritan.com\/wp-content\/uploads\/2024\/11\/henri1-300x200.png 300w, https:\/\/groupetritan.com\/wp-content\/uploads\/2024\/11\/henri1-768x513.png 768w, https:\/\/groupetritan.com\/wp-content\/uploads\/2024\/11\/henri1.png 1051w\" sizes=\"(max-width: 900px) 100vw, 900px\" \/>                            <\/div><!-- .post-thumbnail -->\n        <\/div>\n        <div class=\"project-content\">\n            <h4 class=\"project-title delta\"><a href=\"https:\/\/groupetritan.com\/en\/projects\/6505-henri-bourassa-o\/\">6505 Henri Bourassa West <br>(Ville St-Laurent)<\/a><\/h4>\n            <div class=\"project-categories\"><a href=\"https:\/\/groupetritan.com\/category-project\/commercial\/\" rel=\"tag\">Commercial<\/a><\/div>            <div class=\"project-meta\">\n                            <\/div>\n            <div class=\"project-more-link-wrap\">\n                <a class=\"project-more-link\" href=\"https:\/\/groupetritan.com\/en\/projects\/6505-henri-bourassa-o\/\">\n                    <i class=\"rebuilto-icon-arrow-up-right\"><\/i>\n                    <span>More Details<\/span>\n                <\/a>\n            <\/div>\n        <\/div>\n    <\/div>\n<\/div>\n                    <\/div>\n                                <\/div>\n\n        <\/div>\n                \t\t<\/div>\n\t\t\t\t<\/div>\n\t\t\t\t\t<\/div>\n\t\t\t\t<\/div>\n\t\t\t\t<\/div>\n\t\t","protected":false},"excerpt":{"rendered":"<p>6505 Henri Bourassa Ouest (Ville St-Laurent) Commercial B\u00e2timent industriel multi-usages. Deux \u00e9tages plus sous-sol, deux garages int\u00e9rieurs plus stationnement exterieur. Voir le projet<\/p>\n","protected":false},"author":4,"featured_media":0,"parent":0,"menu_order":0,"comment_status":"closed","ping_status":"closed","template":"template-homepage.php","meta":{"footnotes":""},"class_list":["post-7182","page","type-page","status-publish","hentry"],"yoast_head":"<!-- This site is optimized with the Yoast SEO plugin v25.9 - https:\/\/yoast.com\/wordpress\/plugins\/seo\/ -->\n<title>Commercial - Groupe Tritan<\/title>\n<meta name=\"robots\" content=\"index, follow, max-snippet:-1, max-image-preview:large, max-video-preview:-1\" \/>\n<link rel=\"canonical\" href=\"https:\/\/groupetritan.com\/en\/commercial\/\" \/>\n<meta property=\"og:locale\" content=\"en_US\" \/>\n<meta property=\"og:type\" content=\"article\" \/>\n<meta property=\"og:title\" content=\"Commercial - Groupe Tritan\" \/>\n<meta property=\"og:description\" content=\"6505 Henri Bourassa Ouest (Ville St-Laurent) Commercial B\u00e2timent industriel multi-usages. Deux \u00e9tages plus sous-sol, deux garages int\u00e9rieurs plus stationnement exterieur. Voir le projet\" \/>\n<meta property=\"og:url\" content=\"https:\/\/groupetritan.com\/en\/commercial\/\" \/>\n<meta property=\"og:site_name\" content=\"Groupe Tritan\" \/>\n<meta property=\"article:modified_time\" content=\"2025-02-06T15:13:52+00:00\" \/>\n<meta property=\"og:image\" content=\"https:\/\/groupetritan.com\/wp-content\/uploads\/2024\/09\/henri-bou.webp\" \/>\n<meta name=\"twitter:card\" content=\"summary_large_image\" \/>\n<script type=\"application\/ld+json\" class=\"yoast-schema-graph\">{\"@context\":\"https:\/\/schema.org\",\"@graph\":[{\"@type\":\"WebPage\",\"@id\":\"https:\/\/groupetritan.com\/en\/commercial\/\",\"url\":\"https:\/\/groupetritan.com\/en\/commercial\/\",\"name\":\"Commercial - Groupe Tritan\",\"isPartOf\":{\"@id\":\"https:\/\/groupetritan.com\/#website\"},\"primaryImageOfPage\":{\"@id\":\"https:\/\/groupetritan.com\/en\/commercial\/#primaryimage\"},\"image\":{\"@id\":\"https:\/\/groupetritan.com\/en\/commercial\/#primaryimage\"},\"thumbnailUrl\":\"https:\/\/groupetritan.com\/wp-content\/uploads\/2024\/09\/henri-bou.webp\",\"datePublished\":\"2024-11-19T16:15:44+00:00\",\"dateModified\":\"2025-02-06T15:13:52+00:00\",\"breadcrumb\":{\"@id\":\"https:\/\/groupetritan.com\/en\/commercial\/#breadcrumb\"},\"inLanguage\":\"en-US\",\"potentialAction\":[{\"@type\":\"ReadAction\",\"target\":[\"https:\/\/groupetritan.com\/en\/commercial\/\"]}]},{\"@type\":\"ImageObject\",\"inLanguage\":\"en-US\",\"@id\":\"https:\/\/groupetritan.com\/en\/commercial\/#primaryimage\",\"url\":\"https:\/\/groupetritan.com\/wp-content\/uploads\/2024\/09\/henri-bou.webp\",\"contentUrl\":\"https:\/\/groupetritan.com\/wp-content\/uploads\/2024\/09\/henri-bou.webp\"},{\"@type\":\"BreadcrumbList\",\"@id\":\"https:\/\/groupetritan.com\/en\/commercial\/#breadcrumb\",\"itemListElement\":[{\"@type\":\"ListItem\",\"position\":1,\"name\":\"Home\",\"item\":\"https:\/\/groupetritan.com\/\"},{\"@type\":\"ListItem\",\"position\":2,\"name\":\"Commercial\"}]},{\"@type\":\"WebSite\",\"@id\":\"https:\/\/groupetritan.com\/#website\",\"url\":\"https:\/\/groupetritan.com\/\",\"name\":\"Groupe Tritan\",\"description\":\"Gestion Immobili\u00e8re\",\"publisher\":{\"@id\":\"https:\/\/groupetritan.com\/#organization\"},\"potentialAction\":[{\"@type\":\"SearchAction\",\"target\":{\"@type\":\"EntryPoint\",\"urlTemplate\":\"https:\/\/groupetritan.com\/?s={search_term_string}\"},\"query-input\":{\"@type\":\"PropertyValueSpecification\",\"valueRequired\":true,\"valueName\":\"search_term_string\"}}],\"inLanguage\":\"en-US\"},{\"@type\":\"Organization\",\"@id\":\"https:\/\/groupetritan.com\/#organization\",\"name\":\"Groupe Tritan\",\"url\":\"https:\/\/groupetritan.com\/\",\"logo\":{\"@type\":\"ImageObject\",\"inLanguage\":\"en-US\",\"@id\":\"https:\/\/groupetritan.com\/#\/schema\/logo\/image\/\",\"url\":\"https:\/\/groupetritan.com\/wp-content\/uploads\/2025\/03\/logo-black.png\",\"contentUrl\":\"https:\/\/groupetritan.com\/wp-content\/uploads\/2025\/03\/logo-black.png\",\"width\":1800,\"height\":1200,\"caption\":\"Groupe Tritan\"},\"image\":{\"@id\":\"https:\/\/groupetritan.com\/#\/schema\/logo\/image\/\"}}]}<\/script>\n<!-- \/ Yoast SEO plugin. -->","yoast_head_json":{"title":"Commercial - Groupe Tritan","robots":{"index":"index","follow":"follow","max-snippet":"max-snippet:-1","max-image-preview":"max-image-preview:large","max-video-preview":"max-video-preview:-1"},"canonical":"https:\/\/groupetritan.com\/en\/commercial\/","og_locale":"en_US","og_type":"article","og_title":"Commercial - Groupe Tritan","og_description":"6505 Henri Bourassa Ouest (Ville St-Laurent) Commercial B\u00e2timent industriel multi-usages. Deux \u00e9tages plus sous-sol, deux garages int\u00e9rieurs plus stationnement exterieur. Voir le projet","og_url":"https:\/\/groupetritan.com\/en\/commercial\/","og_site_name":"Groupe Tritan","article_modified_time":"2025-02-06T15:13:52+00:00","og_image":[{"url":"https:\/\/groupetritan.com\/wp-content\/uploads\/2024\/09\/henri-bou.webp","type":"","width":"","height":""}],"twitter_card":"summary_large_image","schema":{"@context":"https:\/\/schema.org","@graph":[{"@type":"WebPage","@id":"https:\/\/groupetritan.com\/en\/commercial\/","url":"https:\/\/groupetritan.com\/en\/commercial\/","name":"Commercial - Groupe Tritan","isPartOf":{"@id":"https:\/\/groupetritan.com\/#website"},"primaryImageOfPage":{"@id":"https:\/\/groupetritan.com\/en\/commercial\/#primaryimage"},"image":{"@id":"https:\/\/groupetritan.com\/en\/commercial\/#primaryimage"},"thumbnailUrl":"https:\/\/groupetritan.com\/wp-content\/uploads\/2024\/09\/henri-bou.webp","datePublished":"2024-11-19T16:15:44+00:00","dateModified":"2025-02-06T15:13:52+00:00","breadcrumb":{"@id":"https:\/\/groupetritan.com\/en\/commercial\/#breadcrumb"},"inLanguage":"en-US","potentialAction":[{"@type":"ReadAction","target":["https:\/\/groupetritan.com\/en\/commercial\/"]}]},{"@type":"ImageObject","inLanguage":"en-US","@id":"https:\/\/groupetritan.com\/en\/commercial\/#primaryimage","url":"https:\/\/groupetritan.com\/wp-content\/uploads\/2024\/09\/henri-bou.webp","contentUrl":"https:\/\/groupetritan.com\/wp-content\/uploads\/2024\/09\/henri-bou.webp"},{"@type":"BreadcrumbList","@id":"https:\/\/groupetritan.com\/en\/commercial\/#breadcrumb","itemListElement":[{"@type":"ListItem","position":1,"name":"Home","item":"https:\/\/groupetritan.com\/"},{"@type":"ListItem","position":2,"name":"Commercial"}]},{"@type":"WebSite","@id":"https:\/\/groupetritan.com\/#website","url":"https:\/\/groupetritan.com\/","name":"Groupe Tritan","description":"Gestion Immobili\u00e8re","publisher":{"@id":"https:\/\/groupetritan.com\/#organization"},"potentialAction":[{"@type":"SearchAction","target":{"@type":"EntryPoint","urlTemplate":"https:\/\/groupetritan.com\/?s={search_term_string}"},"query-input":{"@type":"PropertyValueSpecification","valueRequired":true,"valueName":"search_term_string"}}],"inLanguage":"en-US"},{"@type":"Organization","@id":"https:\/\/groupetritan.com\/#organization","name":"Groupe Tritan","url":"https:\/\/groupetritan.com\/","logo":{"@type":"ImageObject","inLanguage":"en-US","@id":"https:\/\/groupetritan.com\/#\/schema\/logo\/image\/","url":"https:\/\/groupetritan.com\/wp-content\/uploads\/2025\/03\/logo-black.png","contentUrl":"https:\/\/groupetritan.com\/wp-content\/uploads\/2025\/03\/logo-black.png","width":1800,"height":1200,"caption":"Groupe Tritan"},"image":{"@id":"https:\/\/groupetritan.com\/#\/schema\/logo\/image\/"}}]}},"_links":{"self":[{"href":"https:\/\/groupetritan.com\/en\/wp-json\/wp\/v2\/pages\/7182","targetHints":{"allow":["GET"]}}],"collection":[{"href":"https:\/\/groupetritan.com\/en\/wp-json\/wp\/v2\/pages"}],"about":[{"href":"https:\/\/groupetritan.com\/en\/wp-json\/wp\/v2\/types\/page"}],"author":[{"embeddable":true,"href":"https:\/\/groupetritan.com\/en\/wp-json\/wp\/v2\/users\/4"}],"replies":[{"embeddable":true,"href":"https:\/\/groupetritan.com\/en\/wp-json\/wp\/v2\/comments?post=7182"}],"version-history":[{"count":1,"href":"https:\/\/groupetritan.com\/en\/wp-json\/wp\/v2\/pages\/7182\/revisions"}],"predecessor-version":[{"id":7183,"href":"https:\/\/groupetritan.com\/en\/wp-json\/wp\/v2\/pages\/7182\/revisions\/7183"}],"wp:attachment":[{"href":"https:\/\/groupetritan.com\/en\/wp-json\/wp\/v2\/media?parent=7182"}],"curies":[{"name":"wp","href":"https:\/\/api.w.org\/{rel}","templated":true}]}}